{"id":1442,"date":"2023-02-14T16:07:39","date_gmt":"2023-02-14T15:07:39","guid":{"rendered":"https:\/\/aristosphynx.com\/?page_id=1442"},"modified":"2023-02-14T16:07:40","modified_gmt":"2023-02-14T15:07:40","slug":"politique-de-confidentialite","status":"publish","type":"page","link":"https:\/\/aristosphynx.com\/index.php\/politique-de-confidentialite\/","title":{"rendered":"Politique de confidentialit\u00e9"},"content":{"rendered":"<p>Bienvenue \u00e0  https:\/\/aristosphynx.com  (le \u00ab\u00a0Site\u00a0\u00bb). Nous comprenons que la confidentialit\u00e9 en ligne est importante pour les utilisateurs de notre site, en particulier lorsqu\u2019ils font des affaires. Cette d\u00e9claration r\u00e9git nos politiques de confidentialit\u00e9 \u00e0 l\u2019\u00e9gard des utilisateurs du Site (\u00ab\u00a0Visiteurs\u00a0\u00bb) qui visitent sans faire d\u2019affaires et des Visiteurs qui s\u2019inscrivent pour effectuer des transactions commerciales sur le Site et utilisent les diff\u00e9rents services offerts par<br \/>\nLes aristosphynx  (collectivement, les \u00ab\u00a0Services\u00a0\u00bb) (\u00ab\u00a0Clients autoris\u00e9s\u00a0\u00bb).<\/p>\n<h3>\u00ab\u00a0Informations personnellement identifiables\u00a0\u00bb<\/h3>\n<p>fait r\u00e9f\u00e9rence \u00e0 toute information qui identifie ou peut \u00eatre utilis\u00e9e pour identifier, contacter ou localiser la personne \u00e0 laquelle ces informations se rapportent, y compris, mais sans s\u2019y limiter, le nom, l\u2019adresse, le num\u00e9ro de t\u00e9l\u00e9phone, le num\u00e9ro de fax, l\u2019adresse e-mail, les profils financiers, le num\u00e9ro de s\u00e9curit\u00e9 sociale et les informations de carte de cr\u00e9dit. Les informations personnellement identifiables n\u2019incluent pas les informations collect\u00e9es de mani\u00e8re anonyme (c\u2019est-\u00e0-dire sans identification de l\u2019utilisateur individuel) ou les informations d\u00e9mographiques non li\u00e9es \u00e0 une personne identifi\u00e9e.<\/p>\n<h3>Quelles informations personnellement identifiables sont collect\u00e9es?<\/h3>\n<p>Nous pouvons collecter des informations de base sur le profil d\u2019utilisateur de tous nos visiteurs. Nous recueillons les informations suppl\u00e9mentaires suivantes aupr\u00e8s de nos clients autoris\u00e9s :  the name,  email address,  phone number,  address,  social media profile information,<\/p>\n<h3>Quelles organisations recueillent l\u2019information?<\/h3>\n<p>En plus de notre collecte directe d\u2019informations, nos fournisseurs de services tiers (tels que les soci\u00e9t\u00e9s de cartes de cr\u00e9dit, les chambres de compensation et les banques) qui peuvent fournir des services tels que des services de cr\u00e9dit, d\u2019assurance et d\u2019entiercement peuvent collecter ces informations aupr\u00e8s de nos visiteurs et clients autoris\u00e9s. Nous ne contr\u00f4lons pas la fa\u00e7on dont ces tiers utilisent ces informations, mais nous leur demandons de divulguer comment ils utilisent les informations personnelles qui leur sont fournies par les visiteurs et les clients autoris\u00e9s. Certains de ces tiers peuvent \u00eatre des interm\u00e9diaires qui agissent uniquement en tant que maillons de la cha\u00eene de distribution et ne stockent, ne conservent ni n\u2019utilisent les informations qui leur sont fournies.<\/p>\n<h3>Comment le Site utilise-t-il les Informations personnellement Identifiables ?<\/h3>\n<p>Nous utilisons les informations personnellement identifiables pour personnaliser le site, pour faire des offres de services appropri\u00e9es et pour r\u00e9pondre aux demandes d\u2019achat et de vente sur le site. Nous pouvons envoyer un courriel aux visiteurs et aux clients autoris\u00e9s au sujet de la recherche ou des opportunit\u00e9s d\u2019achat et de vente sur le site ou d\u2019informations li\u00e9es \u00e0 l\u2019objet du site. Nous pouvons \u00e9galement utiliser des informations personnellement identifiables pour contacter les visiteurs et les clients autoris\u00e9s en r\u00e9ponse \u00e0 des demandes sp\u00e9cifiques, ou pour fournir les informations demand\u00e9es.<\/p>\n<h3>Avec qui les informations peuvent-elles \u00eatre partag\u00e9es?<\/h3>\n<p>Les informations personnellement identifiables sur les clients autoris\u00e9s peuvent \u00eatre partag\u00e9es avec d\u2019autres clients autoris\u00e9s qui souhaitent \u00e9valuer des transactions potentielles avec d\u2019autres clients autoris\u00e9s. Nous pouvons partager des informations agr\u00e9g\u00e9es sur nos visiteurs, y compris les donn\u00e9es d\u00e9mographiques de nos visiteurs et clients autoris\u00e9s, avec nos agences affili\u00e9es et des fournisseurs tiers. Nous offrons \u00e9galement la possibilit\u00e9 de refuser de recevoir des informations ou d\u2019\u00eatre contact\u00e9 par nous ou par toute agence agissant en notre nom.<\/p>\n<h3>Comment les informations personnellement identifiables sont-elles stock\u00e9es?<\/h3>\n<p>Informations personnellement identifiables collect\u00e9es par  Les aristosphynx  est stock\u00e9 en toute s\u00e9curit\u00e9 et n\u2019est pas accessible \u00e0 des tiers ou \u00e0 des employ\u00e9s de  Les aristosphynx  sauf pour une utilisation comme indiqu\u00e9 ci-dessus.<\/p>\n<h3>Quels sont les choix qui s\u2019offrent aux Visiteurs en ce qui concerne la collecte, l\u2019utilisation et la distribution des informations ?<\/h3>\n<p>Les visiteurs et les clients autoris\u00e9s peuvent choisir de ne pas recevoir d\u2019informations non sollicit\u00e9es de notre part ou d\u2019\u00eatre contact\u00e9s par nous et \/ ou nos fournisseurs et agences affili\u00e9es en r\u00e9pondant aux e-mails selon les instructions, ou en nous contactant \u00e0 l\u2019adresse aristosphynx@orange.fr<\/p>\n<h3>Cookies<\/h3>\n<p>Un cookie est une cha\u00eene d\u2019informations qu\u2019un site Web stocke sur l\u2019ordinateur d\u2019un visiteur et que le navigateur du visiteur fournit au site Web chaque fois que le visiteur revient.<\/p>\n<p>Nous utilisons des \u00a0\u00bb cookies \u00a0\u00bb pour collecter des informations. Vous pouvez demander \u00e0 votre navigateur de refuser tous les cookies ou d\u2019indiquer quand un cookie est envoy\u00e9. Toutefois, si vous n\u2019acceptez pas les cookies, vous ne pourrez peut-\u00eatre pas utiliser certaines parties de notre Service.<\/p>\n<h3>Des cookies sont-ils utilis\u00e9s sur le site ?<\/h3>\n<p>Les cookies sont utilis\u00e9s pour diverses raisons. Nous utilisons des cookies pour obtenir des informations sur les pr\u00e9f\u00e9rences de nos visiteurs et les services qu\u2019ils s\u00e9lectionnent. Nous utilisons \u00e9galement des cookies \u00e0 des fins de s\u00e9curit\u00e9 pour prot\u00e9ger nos clients autoris\u00e9s. Par exemple, si un client autoris\u00e9 est connect\u00e9 et que le site est inutilis\u00e9 pendant plus de 10 minutes, nous d\u00e9connecterons automatiquement le client autoris\u00e9. Les visiteurs qui ne souhaitent pas que des cookies soient plac\u00e9s sur leur ordinateur doivent configurer leur navigateur pour refuser les cookies avant d\u2019utiliser  https:\/\/aristosphynx.com , avec l\u2019inconv\u00e9nient que certaines fonctionnalit\u00e9s du site Web peuvent ne pas fonctionner correctement sans l\u2019aide de cookies.<\/p>\n<h3>Cookies utilis\u00e9s par nos prestataires de services<\/h3>\n<p>Nos fournisseurs de services utilisent des cookies et ces cookies peuvent \u00eatre stock\u00e9s sur votre ordinateur lorsque vous visitez notre site Web. Vous trouverez plus de d\u00e9tails sur les cookies utilis\u00e9s dans notre page d\u2019informations sur les cookies.<\/p>\n<h3>Comment WPLegalPages utilise-t-il les informations de connexion ?<\/h3>\n<p>Les aristosphynx utilise les informations de connexion, y compris, mais sans s\u2019y limiter, les adresses IP, les FAI et les types de navigateur, la version du navigateur, les pages visit\u00e9es, la date et l\u2019heure de la visite, pour analyser les tendances, administrer le site, suivre les mouvements et l\u2019utilisation d\u2019un utilisateur et recueillir des informations d\u00e9mographiques g\u00e9n\u00e9rales.<\/p>\n<h3>Quels partenaires ou fournisseurs de services ont acc\u00e8s aux informations personnellement identifiables des visiteurs et \/ ou des clients autoris\u00e9s sur le site?<\/h3>\n<p>Les aristosphynx a conclu et continuera de conclure des partenariats et d\u2019autres affiliations avec un certain nombre de fournisseurs. Ces fournisseurs peuvent avoir acc\u00e8s \u00e0 certaines informations personnellement identifiables sur la base de l\u2019\u00e9valuation de l\u2019\u00e9ligibilit\u00e9 au service des clients autoris\u00e9s. Notre politique de confidentialit\u00e9 ne couvre pas leur collecte ou leur utilisation de ces informations.<\/p>\n<h3>Comment le Site assure-t-il la s\u00e9curit\u00e9 des Informations Personnellement Identifiables ?<\/h3>\n<p>Tous nos employ\u00e9s connaissent notre politique et nos pratiques en mati\u00e8re de s\u00e9curit\u00e9. Les informations personnellement identifiables de nos visiteurs et clients autoris\u00e9s ne sont accessibles qu\u2019\u00e0 un nombre limit\u00e9 d\u2019employ\u00e9s qualifi\u00e9s qui re\u00e7oivent un mot de passe afin d\u2019acc\u00e9der \u00e0 ces informations. Nous auditons r\u00e9guli\u00e8rement nos syst\u00e8mes et processus de s\u00e9curit\u00e9. Les informations sensibles, telles que les num\u00e9ros de carte de cr\u00e9dit ou les num\u00e9ros de s\u00e9curit\u00e9 sociale, sont prot\u00e9g\u00e9es par des protocoles de cryptage, en place pour prot\u00e9ger les informations envoy\u00e9es sur Internet. Bien que nous prenions des mesures commercialement raisonnables pour maintenir un site s\u00e9curis\u00e9, les communications \u00e9lectroniques et les bases de donn\u00e9es sont sujettes \u00e0 des erreurs, des falsifications et des effractions, et nous ne pouvons pas garantir que de tels \u00e9v\u00e9nements n\u2019auront pas lieu et nous ne serons pas responsables envers les visiteurs ou les clients autoris\u00e9s pour de tels \u00e9v\u00e9nements.<\/p>\n<h3>Comment les visiteurs peuvent-ils corriger toute inexactitude dans les informations personnellement identifiables?<\/h3>\n<p>Les visiteurs et les clients autoris\u00e9s peuvent nous contacter pour mettre \u00e0 jour les informations personnellement identifiables les concernant ou pour corriger toute inexactitude en nous envoyant un e-mail \u00e0 l\u2019adresse  aristosphynx@orange.fr .<\/p>\n<h3>Un Visiteur peut-il supprimer ou d\u00e9sactiver les Informations personnellement identifiables collect\u00e9es par le Site ?<\/h3>\n<p>Nous fournissons aux visiteurs et aux clients autoris\u00e9s un m\u00e9canisme pour supprimer \/ d\u00e9sactiver les informations personnellement identifiables de la base de donn\u00e9es du site en les contactant. Cependant, en raison des sauvegardes et des enregistrements de suppressions, il peut \u00eatre impossible de supprimer l\u2019entr\u00e9e d\u2019un visiteur sans conserver certaines informations r\u00e9siduelles. Une personne qui demande la d\u00e9sactivation d\u2019informations personnellement identifiables verra ces informations supprim\u00e9es de mani\u00e8re fonctionnelle, et nous ne vendrons, ne transf\u00e9rerons ni n\u2019utiliserons d\u2019informations personnellement identifiables relatives \u00e0 cette personne de quelque mani\u00e8re que ce soit \u00e0 l\u2019avenir.<\/p>\n<h3>Vos droits<\/h3>\n<p>Ce sont des droits r\u00e9sum\u00e9s que vous avez en vertu de la loi sur la protection des donn\u00e9es<\/p>\n<ul>\n<li>Le droit d\u2019acc\u00e8s<\/li>\n<li>Le droit de rectification<\/li>\n<li>Le droit \u00e0 l\u2019effacement<\/li>\n<li>Le droit de restreindre le traitement<\/li>\n<li>Le droit de s\u2019opposer au traitement<\/li>\n<li>Le droit \u00e0 la portabilit\u00e9 des donn\u00e9es<\/li>\n<li>Le droit de porter plainte aupr\u00e8s d\u2019une autorit\u00e9 de contr\u00f4le<\/li>\n<li>Le droit de retirer son consentement<\/li>\n<\/ul>\n<h3>Protection de la vie priv\u00e9e des enfants<\/h3>\n<p>Notre Service ne s\u2019adresse pas aux \u00a0\u00bb Enfants \u00ab\u00a0, toute personne \u00e2g\u00e9e de moins de 18 ans, et nous ne recueillons pas sciemment d\u2019informations personnellement identifiables aupr\u00e8s d\u2019enfants de moins de 18 ans.<\/p>\n<p>Si vous \u00eates un parent ou un tuteur et que vous savez que votre enfant nous a fourni des informations personnelles, veuillez nous contacter imm\u00e9diatement aux coordonn\u00e9es fournies. Si nous apprenons que des enfants de moins de 18 ans ont fourni des informations personnelles, nous supprimerons imm\u00e9diatement les informations de nos serveurs.<\/p>\n<h3>Respect des lois<\/h3>\n<p>Divulgation d\u2019informations personnellement identifiables pour se conformer \u00e0 la loi. Nous divulguerons des informations personnellement identifiables afin de nous conformer \u00e0 une ordonnance d\u2019un tribunal ou \u00e0 une assignation \u00e0 compara\u00eetre ou \u00e0 une demande d\u2019un organisme d\u2019application de la loi de divulguer des informations. Nous divulguerons \u00e9galement des informations personnellement identifiables lorsque cela est raisonnablement n\u00e9cessaire pour prot\u00e9ger la s\u00e9curit\u00e9 de nos visiteurs et de nos clients autoris\u00e9s.<\/p>\n<h3>Que se passe-t-il si la politique de confidentialit\u00e9 change?<\/h3>\n<p>Nous informerons nos visiteurs et clients autoris\u00e9s des modifications apport\u00e9es \u00e0 notre politique de confidentialit\u00e9 en publiant ces modifications sur le site. Toutefois, si nous modifions notre politique de confidentialit\u00e9 d\u2019une mani\u00e8re qui pourrait entra\u00eener la divulgation d\u2019informations personnellement identifiables qu\u2019un visiteur ou un client autoris\u00e9 a pr\u00e9c\u00e9demment demand\u00e9 \u00e0 ne pas divulguer, nous contacterons ce visiteur ou ce client autoris\u00e9 pour permettre \u00e0 ce visiteur ou client autoris\u00e9 d\u2019emp\u00eacher une telle divulgation.<\/p>\n<h3>Liens<\/h3>\n<p>https:\/\/aristosphynx.com  contient des liens vers d\u2019autres sites Web. Veuillez noter que lorsque vous cliquez sur l\u2019un de ces liens, vous acc\u00e9dez \u00e0 un autre site Web. Nous vous encourageons \u00e0 lire les d\u00e9clarations de confidentialit\u00e9 de ces sites li\u00e9s, car leurs politiques de confidentialit\u00e9 peuvent diff\u00e9rer des n\u00f4tres.<\/p>\n<h3>Contactez-nous<\/h3>\n<p>Si vous avez des questions concernant cette politique de confidentialit\u00e9, veuillez nous contacter \u00e0 l\u2019adresse  aristosphynx@orange.fr<\/p>\n<hr>\n<p>Derni\u00e8re mise \u00e0 jour&nbsp;: February 14, 2023<\/p>\n","protected":false},"excerpt":{"rendered":"<p>Bienvenue \u00e0 https:\/\/aristosphynx.com (le \u00ab\u00a0Site\u00a0\u00bb). Nous comprenons que la confidentialit\u00e9 en ligne est importante pour les utilisateurs de notre site, en particulier lorsqu\u2019ils font des affaires. Cette d\u00e9claration r\u00e9git nos [&hellip;]<\/p>\n","protected":false},"author":2,"featured_media":0,"parent":0,"menu_order":0,"comment_status":"closed","ping_status":"closed","template":"","meta":{"ocean_post_layout":"","ocean_both_sidebars_style":"","ocean_both_sidebars_content_width":0,"ocean_both_sidebars_sidebars_width":0,"ocean_sidebar":"0","ocean_second_sidebar":"0","ocean_disable_margins":"enable","ocean_add_body_class":"","ocean_shortcode_before_top_bar":"","ocean_shortcode_after_top_bar":"","ocean_shortcode_before_header":"","ocean_shortcode_after_header":"","ocean_has_shortcode":"","ocean_shortcode_after_title":"","ocean_shortcode_before_footer_widgets":"","ocean_shortcode_after_footer_widgets":"","ocean_shortcode_before_footer_bottom":"","ocean_shortcode_after_footer_bottom":"","ocean_display_top_bar":"default","ocean_display_header":"default","ocean_header_style":"","ocean_center_header_left_menu":"0","ocean_custom_header_template":"0","ocean_custom_logo":0,"ocean_custom_retina_logo":0,"ocean_custom_logo_max_width":0,"ocean_custom_logo_tablet_max_width":0,"ocean_custom_logo_mobile_max_width":0,"ocean_custom_logo_max_height":0,"ocean_custom_logo_tablet_max_height":0,"ocean_custom_logo_mobile_max_height":0,"ocean_header_custom_menu":"0","ocean_menu_typo_font_family":"0","ocean_menu_typo_font_subset":"","ocean_menu_typo_font_size":0,"ocean_menu_typo_font_size_tablet":0,"ocean_menu_typo_font_size_mobile":0,"ocean_menu_typo_font_size_unit":"px","ocean_menu_typo_font_weight":"","ocean_menu_typo_font_weight_tablet":"","ocean_menu_typo_font_weight_mobile":"","ocean_menu_typo_transform":"","ocean_menu_typo_transform_tablet":"","ocean_menu_typo_transform_mobile":"","ocean_menu_typo_line_height":0,"ocean_menu_typo_line_height_tablet":0,"ocean_menu_typo_line_height_mobile":0,"ocean_menu_typo_line_height_unit":"","ocean_menu_typo_spacing":0,"ocean_menu_typo_spacing_tablet":0,"ocean_menu_typo_spacing_mobile":0,"ocean_menu_typo_spacing_unit":"","ocean_menu_link_color":"","ocean_menu_link_color_hover":"","ocean_menu_link_color_active":"","ocean_menu_link_background":"","ocean_menu_link_hover_background":"","ocean_menu_link_active_background":"","ocean_menu_social_links_bg":"","ocean_menu_social_hover_links_bg":"","ocean_menu_social_links_color":"","ocean_menu_social_hover_links_color":"","ocean_disable_title":"default","ocean_disable_heading":"default","ocean_post_title":"","ocean_post_subheading":"","ocean_post_title_style":"","ocean_post_title_background_color":"","ocean_post_title_background":0,"ocean_post_title_bg_image_position":"","ocean_post_title_bg_image_attachment":"","ocean_post_title_bg_image_repeat":"","ocean_post_title_bg_image_size":"","ocean_post_title_height":0,"ocean_post_title_bg_overlay":0.5,"ocean_post_title_bg_overlay_color":"","ocean_disable_breadcrumbs":"default","ocean_breadcrumbs_color":"","ocean_breadcrumbs_separator_color":"","ocean_breadcrumbs_links_color":"","ocean_breadcrumbs_links_hover_color":"","ocean_display_footer_widgets":"default","ocean_display_footer_bottom":"default","ocean_custom_footer_template":"0","footnotes":""},"class_list":["post-1442","page","type-page","status-publish","hentry","entry"],"_links":{"self":[{"href":"https:\/\/aristosphynx.com\/index.php\/wp-json\/wp\/v2\/pages\/1442","targetHints":{"allow":["GET"]}}],"collection":[{"href":"https:\/\/aristosphynx.com\/index.php\/wp-json\/wp\/v2\/pages"}],"about":[{"href":"https:\/\/aristosphynx.com\/index.php\/wp-json\/wp\/v2\/types\/page"}],"author":[{"embeddable":true,"href":"https:\/\/aristosphynx.com\/index.php\/wp-json\/wp\/v2\/users\/2"}],"replies":[{"embeddable":true,"href":"https:\/\/aristosphynx.com\/index.php\/wp-json\/wp\/v2\/comments?post=1442"}],"version-history":[{"count":0,"href":"https:\/\/aristosphynx.com\/index.php\/wp-json\/wp\/v2\/pages\/1442\/revisions"}],"wp:attachment":[{"href":"https:\/\/aristosphynx.com\/index.php\/wp-json\/wp\/v2\/media?parent=1442"}],"curies":[{"name":"wp","href":"https:\/\/api.w.org\/{rel}","templated":true}]}}